{"id":36123,"date":"2025-08-20T19:55:22","date_gmt":"2025-08-20T19:55:22","guid":{"rendered":"https:\/\/www.lancharesdental.es\/?page_id=36123"},"modified":"2025-08-20T19:57:15","modified_gmt":"2025-08-20T19:57:15","slug":"politica-de-privacidad-y-proteccion-de-datos","status":"publish","type":"page","link":"https:\/\/www.lancharesdental.es\/en\/politica-de-privacidad-y-proteccion-de-datos\/","title":{"rendered":"Pol\u00edtica de Privacidad y Protecci\u00f3n de Datos"},"content":{"rendered":"<div data-elementor-type=\"wp-page\" data-elementor-id=\"36123\" class=\"elementor elementor-36123\" data-elementor-post-type=\"page\">\n\t\t\t\t<div class=\"elementor-element elementor-element-2d0145f e-flex e-con-boxed cmsmasters-block-default e-con e-parent\" data-id=\"2d0145f\" data-element_type=\"container\" data-e-type=\"container\">\n\t\t\t\t\t<div class=\"e-con-inner\">\n\t\t\t\t<div class=\"elementor-element elementor-element-fe81e6e cmsmasters-block-default cmsmasters-sticky-default elementor-widget elementor-widget-text-editor\" data-id=\"fe81e6e\" data-element_type=\"widget\" data-e-type=\"widget\" data-widget_type=\"text-editor.default\">\n\t\t\t\t<div class=\"elementor-widget-container\">\n\t\t\t\t\t\t\t\t\t<h2>Pol\u00edtica de Privacidad y Protecci\u00f3n de Datos<\/h2><p><strong>RAZON SOCIAL: LANCHARES DENTAL, S.L.P.<\/strong><br \/><strong>CIF: B56304934<\/strong><br \/><strong>DIRECCI\u00d3N: C\/ EASO 22, 20006.Donostia.<\/strong><br \/><strong>TEL: 843931123<\/strong><br \/><strong>EMAIL: clinica@lancharesdental.es<\/strong><br \/><strong>WEB: https:\/\/www.clinicalanchares.es\/<\/strong><\/p><p><strong>Protecci\u00f3n de Datos Personales<\/strong><\/p><p>En esta web, propiedad de LANCHARES DENTAL, S.L.P., aseguramos la total<br \/>protecci\u00f3n de los datos de car\u00e1cter personal proporcionados por nuestros<br \/>usuarios.<br \/>En esta secci\u00f3n ponemos a disposici\u00f3n del interesado la informaci\u00f3n legal o<br \/>pol\u00edtica de privacidad correspondiente a los distintos tratamientos de datos<br \/>llevados a cabo por nuestra empresa.<br \/>En funci\u00f3n de cu\u00e1l sea su relaci\u00f3n con nuestra empresa, le ser\u00e1 aplicable la<br \/>correspondiente pol\u00edtica de privacidad:<\/p><p><strong>CONTACTOS<\/strong><\/p><p><strong>\u00bfQui\u00e9n es el responsable de sus datos?<\/strong><\/p><p>De acuerdo con lo establecido por la Ley Org\u00e1nica 3\/2018, de 5 de diciembre, de Protecci\u00f3n de<br \/>Datos Personales y garant\u00eda de los derechos digitales (LOPD) y el Reglamento General de<br \/>Protecci\u00f3n de Datos (RGPD) de 27 de Abril de 2016, le informamos que los datos personales<br \/>aportados ser\u00e1n tratados por LANCHARES DENTAL, S.L.P. con CIF B56304934 y domicilio<br \/>en C\/ EASO 22, 20006, Donostia (Gipuzkoa).<br \/>\u00bfCon qu\u00e9 finalidad tratamos sus datos personales?<br \/>Los datos aportados por usted son necesarios para poder prestarle con todas las garant\u00edas el<br \/>servicio solicitado, y ser\u00e1n tratados con las siguientes finalidades: Gesti\u00f3n de los datos de<br \/>contacto para la comunicaci\u00f3n.<br \/>\u00bfPor cu\u00e1nto tiempo conservaremos sus datos?<br \/>Los datos personales proporcionados se conservar\u00e1n mientras se prevea que pueden ser<br \/>necesarios para contactar con el interesado.<br \/>\u00bfCu\u00e1l es la legitimaci\u00f3n para el tratamiento de sus datos?<br \/>La base legal para el tratamiento de sus datos es el consentimiento del interesado al<br \/>proporcionar sus datos de contacto.<br \/>\u00bfA qu\u00e9 destinatarios se comunicar\u00e1n sus datos?<br \/>Sus datos no se ceder\u00e1n a terceros salvo obligaci\u00f3n legal.<br \/>\u00bfCu\u00e1les son sus derechos cuando nos facilita sus datos?<br \/>Cualquier persona tiene derecho a solicitar el acceso, rectificaci\u00f3n, supresi\u00f3n, limitaci\u00f3n del<br \/>tratamiento, oposici\u00f3n o derecho a la portabilidad de sus datos personales, escribi\u00e9ndonos a la<br \/>direcci\u00f3n de nuestras oficinas, o enviando un correo electr\u00f3nico a clinica@lancharesdental.es,<br \/>indicando el derecho que desea ejercer.<br \/>Tendr\u00e1 derecho igualmente a retirar el consentimiento prestado en cualquier momento. La<br \/>retirada del consentimiento no afectar\u00e1 a la licitud del tratamiento efectuado antes de la retirada<br \/>de dicho consentimiento.<br \/>Tiene derecho a presentar una reclamaci\u00f3n ante la autoridad de control si considera que<br \/>pueden haber sido vulnerados sus derechos en lo concerniente a la protecci\u00f3n de sus datos<br \/>personales.<\/p><p><strong>CLIENTES<\/strong><\/p><p>\u00bfQui\u00e9n es el responsable de sus datos?<br \/>De acuerdo con lo establecido por la Ley Org\u00e1nica 3\/2018, de 5 de diciembre, de Protecci\u00f3n de<br \/>Datos Personales y garant\u00eda de los derechos digitales (LOPD) y el Reglamento General de<br \/>Protecci\u00f3n de Datos (RGPD) de 27 de Abril de 2016, le informamos que los datos personales<br \/>aportados ser\u00e1n tratados por LANCHARES DENTAL, S.L.P. con CIF B56304934 y domicilio en<br \/>C\/ EASO 22, 20006, Donostia (Gipuzkoa).<br \/>\u00bfCon qu\u00e9 finalidad tratamos sus datos personales?<br \/>Los datos aportados por usted son necesarios para poder prestarle con todas las garant\u00edas el<br \/>servicio solicitado, y ser\u00e1n tratados con las siguientes finalidades: Gesti\u00f3n administrativa,<br \/>contable y fiscal, gesti\u00f3n de las relaciones comerciales y transacciones econ\u00f3micas, acciones<br \/>de marketing y publicidad en general.<br \/>\u00bfPor cu\u00e1nto tiempo conservaremos sus datos?<br \/>Los datos personales proporcionados se conservar\u00e1n hasta la finalizaci\u00f3n de la relaci\u00f3n<br \/>contractual y, posteriormente, durante los plazos legalmente exigidos.<\/p><p>\u00bfCu\u00e1l es la legitimaci\u00f3n para el tratamiento de sus datos?<br \/>La base legal para el tratamiento de sus datos es la ejecuci\u00f3n del contrato suscrito con<br \/>nosotros.<br \/>\u00bfA qu\u00e9 destinatarios se comunicar\u00e1n sus datos?<br \/>Para cumplir con la finalidad prevista, sus datos podr\u00e1n ser comunicados a: Administraci\u00f3n<br \/>tributaria; Bancos, cajas de ahorros y cajas rurales; Administraci\u00f3n p\u00fablica con competencia en<br \/>la materia.<br \/>\u00bfCu\u00e1les son sus derechos cuando nos facilita sus datos?<br \/>Cualquier persona tiene derecho a solicitar el acceso, rectificaci\u00f3n, supresi\u00f3n, limitaci\u00f3n del<br \/>tratamiento, oposici\u00f3n o derecho a la portabilidad de sus datos personales, escribi\u00e9ndonos a la<br \/>direcci\u00f3n de nuestras oficinas, o enviando un correo electr\u00f3nico a clinica@lancharesdental.es,<br \/>indicando el derecho que desea ejercer.<br \/>Tendr\u00e1 derecho igualmente a retirar el consentimiento prestado en cualquier momento. La<br \/>retirada del consentimiento no afectar\u00e1 a la licitud del tratamiento efectuado antes de la retirada<br \/>de dicho consentimiento.<br \/>Tiene derecho a presentar una reclamaci\u00f3n ante la autoridad de control si considera que<br \/>pueden haber sido vulnerados sus derechos en lo concerniente a la protecci\u00f3n de sus datos<br \/>personales.<\/p><p><strong>CONTACTOS FACEBOOK<\/strong><\/p><p>\u00bfQui\u00e9n es el responsable de sus datos?<br \/>De acuerdo con lo establecido por la Ley Org\u00e1nica 3\/2018, de 5 de diciembre, de Protecci\u00f3n de<br \/>Datos Personales y garant\u00eda de los derechos digitales (LOPD) y el Reglamento General de<br \/>Protecci\u00f3n de Datos (RGPD) de 27 de Abril de 2016, le informamos que los datos personales<br \/>aportados ser\u00e1n tratados por LANCHARES DENTAL, S.L.P. con CIF B56304934 y domicilio en<br \/>C\/ EASO 22 \u2013 20006, Donostia (Gipuzkoa).<br \/>\u00bfCon qu\u00e9 finalidad tratamos sus datos personales?<br \/>Los datos aportados por usted son necesarios para poder prestarle con todas las garant\u00edas el<br \/>servicio solicitado, y ser\u00e1n tratados con las siguientes finalidades: Gesti\u00f3n de clientes<br \/>potenciales y env\u00edo de automatizaciones seg\u00fan un CRM a trav\u00e9s de Go High Level .<br \/>\u00bfPor cu\u00e1nto tiempo conservaremos sus datos?<br \/>Los datos personales proporcionados se conservar\u00e1n hasta la finalizaci\u00f3n de la relaci\u00f3n<br \/>contractual y, posteriormente, durante los plazos legalmente exigidos.<br \/>\u00bfCu\u00e1l es la legitimaci\u00f3n para el tratamiento de sus datos?<br \/>La base legal para el tratamiento de sus datos es el consentimiento del interesado.<br \/>\u00bfA qu\u00e9 destinatarios se comunicar\u00e1n sus datos?<br \/>Para cumplir con la finalidad prevista, sus datos podr\u00e1n ser comunicados a: CRM propiedad de<br \/>Go High Level . alojada en EEUU, incluida en \u201cData Privacy Framework List\u201d por lo que cumple<br \/>con el nivel de protecci\u00f3n de datos adecuado.<br \/>\u00bfCu\u00e1les son sus derechos cuando nos facilita sus datos?<br \/>Cualquier persona tiene derecho a solicitar el acceso, rectificaci\u00f3n, supresi\u00f3n, limitaci\u00f3n del<br \/>tratamiento, oposici\u00f3n o derecho a la portabilidad de sus datos personales, escribi\u00e9ndonos a la<br \/>direcci\u00f3n de nuestras oficinas, o enviando un correo electr\u00f3nico a clinica@lancharesdental.es,<br \/>indicando el derecho que desea ejercer.<\/p><p>Tendr\u00e1 derecho igualmente a retirar el consentimiento prestado en cualquier momento. La<br \/>retirada del consentimiento no afectar\u00e1 a la licitud del tratamiento efectuado antes de la retirada<br \/>de dicho consentimiento.<br \/>Tiene derecho a presentar una reclamaci\u00f3n ante la autoridad de control si considera que<br \/>pueden haber sido vulnerados sus derechos en lo concerniente a la protecci\u00f3n de sus datos<br \/>personales.<\/p>\t\t\t\t\t\t\t\t<\/div>\n\t\t\t\t<\/div>\n\t\t\t\t\t<\/div>\n\t\t\t\t<\/div>\n\t\t\t\t<\/div>","protected":false},"excerpt":{"rendered":"<p>Pol\u00edtica de Privacidad y Protecci\u00f3n de Datos RAZON SOCIAL: LANCHARES DENTAL, S.L.P.CIF: B56304934DIRECCI\u00d3N: C\/ EASO 22, 20006.Donostia.TEL: 843931123EMAIL: clinica@lancharesdental.esWEB: https:\/\/www.clinicalanchares.es\/ Protecci\u00f3n de Datos Personales En esta web, propiedad de LANCHARES DENTAL, S.L.P., aseguramos la totalprotecci\u00f3n de los datos de car\u00e1cter personal proporcionados por nuestrosusuarios.En esta secci\u00f3n ponemos a disposici\u00f3n del interesado la informaci\u00f3n legal opol\u00edtica&#8230;<\/p>","protected":false},"author":2,"featured_media":0,"parent":0,"menu_order":0,"comment_status":"closed","ping_status":"closed","template":"","meta":{"_acf_changed":false,"footnotes":""},"class_list":["post-36123","page","type-page","status-publish","hentry"],"acf":[],"yoast_head":"<!-- This site is optimized with the Yoast SEO Premium plugin v25.4 (Yoast SEO v27.5) - https:\/\/yoast.com\/product\/yoast-seo-premium-wordpress\/ -->\n<title>Pol\u00edtica de Privacidad y Protecci\u00f3n de Datos - Lanchares Dental<\/title>\n<meta name=\"robots\" content=\"index, follow, max-snippet:-1, max-image-preview:large, max-video-preview:-1\" \/>\n<link rel=\"canonical\" href=\"https:\/\/www.lancharesdental.es\/en\/politica-de-privacidad-y-proteccion-de-datos\/\" \/>\n<meta property=\"og:locale\" content=\"en_US\" \/>\n<meta property=\"og:type\" content=\"article\" \/>\n<meta property=\"og:title\" content=\"Pol\u00edtica de Privacidad y Protecci\u00f3n de Datos\" \/>\n<meta property=\"og:description\" content=\"Pol\u00edtica de Privacidad y Protecci\u00f3n de Datos RAZON SOCIAL: LANCHARES DENTAL, S.L.P.CIF: B56304934DIRECCI\u00d3N: C\/ EASO 22, 20006.Donostia.TEL: 843931123EMAIL: clinica@lancharesdental.esWEB: https:\/\/www.clinicalanchares.es\/ Protecci\u00f3n de Datos Personales En esta web, propiedad de LANCHARES DENTAL, S.L.P., aseguramos la totalprotecci\u00f3n de los datos de car\u00e1cter personal proporcionados por nuestrosusuarios.En esta secci\u00f3n ponemos a disposici\u00f3n del interesado la informaci\u00f3n legal opol\u00edtica...\" \/>\n<meta property=\"og:url\" content=\"https:\/\/www.lancharesdental.es\/en\/politica-de-privacidad-y-proteccion-de-datos\/\" \/>\n<meta property=\"og:site_name\" content=\"Lanchares Dental\" \/>\n<meta property=\"article:publisher\" content=\"https:\/\/www.facebook.com\/ClinicaOrtoperio\" \/>\n<meta property=\"article:modified_time\" content=\"2025-08-20T19:57:15+00:00\" \/>\n<meta property=\"og:image\" content=\"https:\/\/www.lancharesdental.es\/wp-content\/uploads\/2024\/09\/logo-clinica-dental-lanchares.png\" \/>\n\t<meta property=\"og:image:width\" content=\"1014\" \/>\n\t<meta property=\"og:image:height\" content=\"216\" \/>\n\t<meta property=\"og:image:type\" content=\"image\/png\" \/>\n<meta name=\"twitter:card\" content=\"summary_large_image\" \/>\n<meta name=\"twitter:label1\" content=\"Est. reading time\" \/>\n\t<meta name=\"twitter:data1\" content=\"5 minutes\" \/>\n<script type=\"application\/ld+json\" class=\"yoast-schema-graph\">{\"@context\":\"https:\\\/\\\/schema.org\",\"@graph\":[{\"@type\":\"WebPage\",\"@id\":\"https:\\\/\\\/www.lancharesdental.es\\\/politica-de-privacidad-y-proteccion-de-datos\\\/\",\"url\":\"https:\\\/\\\/www.lancharesdental.es\\\/politica-de-privacidad-y-proteccion-de-datos\\\/\",\"name\":\"Pol\u00edtica de Privacidad y Protecci\u00f3n de Datos - Lanchares Dental\",\"isPartOf\":{\"@id\":\"https:\\\/\\\/www.lancharesdental.es\\\/#website\"},\"datePublished\":\"2025-08-20T19:55:22+00:00\",\"dateModified\":\"2025-08-20T19:57:15+00:00\",\"breadcrumb\":{\"@id\":\"https:\\\/\\\/www.lancharesdental.es\\\/politica-de-privacidad-y-proteccion-de-datos\\\/#breadcrumb\"},\"inLanguage\":\"en-US\",\"potentialAction\":[{\"@type\":\"ReadAction\",\"target\":[\"https:\\\/\\\/www.lancharesdental.es\\\/politica-de-privacidad-y-proteccion-de-datos\\\/\"]}]},{\"@type\":\"BreadcrumbList\",\"@id\":\"https:\\\/\\\/www.lancharesdental.es\\\/politica-de-privacidad-y-proteccion-de-datos\\\/#breadcrumb\",\"itemListElement\":[{\"@type\":\"ListItem\",\"position\":1,\"name\":\"Portada\",\"item\":\"https:\\\/\\\/www.lancharesdental.es\\\/\"},{\"@type\":\"ListItem\",\"position\":2,\"name\":\"Pol\u00edtica de Privacidad y Protecci\u00f3n de Datos\"}]},{\"@type\":\"WebSite\",\"@id\":\"https:\\\/\\\/www.lancharesdental.es\\\/#website\",\"url\":\"https:\\\/\\\/www.lancharesdental.es\\\/\",\"name\":\"Lanchares dental\",\"description\":\"Cl\u00ednica dental en San Sebasti\u00e1n y Renter\u00eda\",\"publisher\":{\"@id\":\"https:\\\/\\\/www.lancharesdental.es\\\/#organization\"},\"alternateName\":\"Cl\u00ednica dental en San Sebasti\u00e1n y Renter\u00eda\",\"potentialAction\":[{\"@type\":\"SearchAction\",\"target\":{\"@type\":\"EntryPoint\",\"urlTemplate\":\"https:\\\/\\\/www.lancharesdental.es\\\/?s={search_term_string}\"},\"query-input\":{\"@type\":\"PropertyValueSpecification\",\"valueRequired\":true,\"valueName\":\"search_term_string\"}}],\"inLanguage\":\"en-US\"},{\"@type\":\"Organization\",\"@id\":\"https:\\\/\\\/www.lancharesdental.es\\\/#organization\",\"name\":\"Lanchares Dental\",\"url\":\"https:\\\/\\\/www.lancharesdental.es\\\/\",\"logo\":{\"@type\":\"ImageObject\",\"inLanguage\":\"en-US\",\"@id\":\"https:\\\/\\\/www.lancharesdental.es\\\/#\\\/schema\\\/logo\\\/image\\\/\",\"url\":\"https:\\\/\\\/www.lancharesdental.es\\\/wp-content\\\/uploads\\\/2024\\\/09\\\/logo-clinica-dental-lanchares.png\",\"contentUrl\":\"https:\\\/\\\/www.lancharesdental.es\\\/wp-content\\\/uploads\\\/2024\\\/09\\\/logo-clinica-dental-lanchares.png\",\"width\":1014,\"height\":216,\"caption\":\"Lanchares Dental\"},\"image\":{\"@id\":\"https:\\\/\\\/www.lancharesdental.es\\\/#\\\/schema\\\/logo\\\/image\\\/\"},\"sameAs\":[\"https:\\\/\\\/www.facebook.com\\\/ClinicaOrtoperio\"]}]}<\/script>\n<!-- \/ Yoast SEO Premium plugin. -->","yoast_head_json":{"title":"Pol\u00edtica de Privacidad y Protecci\u00f3n de Datos - Lanchares Dental","robots":{"index":"index","follow":"follow","max-snippet":"max-snippet:-1","max-image-preview":"max-image-preview:large","max-video-preview":"max-video-preview:-1"},"canonical":"https:\/\/www.lancharesdental.es\/en\/politica-de-privacidad-y-proteccion-de-datos\/","og_locale":"en_US","og_type":"article","og_title":"Pol\u00edtica de Privacidad y Protecci\u00f3n de Datos","og_description":"Pol\u00edtica de Privacidad y Protecci\u00f3n de Datos RAZON SOCIAL: LANCHARES DENTAL, S.L.P.CIF: B56304934DIRECCI\u00d3N: C\/ EASO 22, 20006.Donostia.TEL: 843931123EMAIL: clinica@lancharesdental.esWEB: https:\/\/www.clinicalanchares.es\/ Protecci\u00f3n de Datos Personales En esta web, propiedad de LANCHARES DENTAL, S.L.P., aseguramos la totalprotecci\u00f3n de los datos de car\u00e1cter personal proporcionados por nuestrosusuarios.En esta secci\u00f3n ponemos a disposici\u00f3n del interesado la informaci\u00f3n legal opol\u00edtica...","og_url":"https:\/\/www.lancharesdental.es\/en\/politica-de-privacidad-y-proteccion-de-datos\/","og_site_name":"Lanchares Dental","article_publisher":"https:\/\/www.facebook.com\/ClinicaOrtoperio","article_modified_time":"2025-08-20T19:57:15+00:00","og_image":[{"width":1014,"height":216,"url":"https:\/\/www.lancharesdental.es\/wp-content\/uploads\/2024\/09\/logo-clinica-dental-lanchares.png","type":"image\/png"}],"twitter_card":"summary_large_image","twitter_misc":{"Est. reading time":"5 minutes"},"schema":{"@context":"https:\/\/schema.org","@graph":[{"@type":"WebPage","@id":"https:\/\/www.lancharesdental.es\/politica-de-privacidad-y-proteccion-de-datos\/","url":"https:\/\/www.lancharesdental.es\/politica-de-privacidad-y-proteccion-de-datos\/","name":"Pol\u00edtica de Privacidad y Protecci\u00f3n de Datos - Lanchares Dental","isPartOf":{"@id":"https:\/\/www.lancharesdental.es\/#website"},"datePublished":"2025-08-20T19:55:22+00:00","dateModified":"2025-08-20T19:57:15+00:00","breadcrumb":{"@id":"https:\/\/www.lancharesdental.es\/politica-de-privacidad-y-proteccion-de-datos\/#breadcrumb"},"inLanguage":"en-US","potentialAction":[{"@type":"ReadAction","target":["https:\/\/www.lancharesdental.es\/politica-de-privacidad-y-proteccion-de-datos\/"]}]},{"@type":"BreadcrumbList","@id":"https:\/\/www.lancharesdental.es\/politica-de-privacidad-y-proteccion-de-datos\/#breadcrumb","itemListElement":[{"@type":"ListItem","position":1,"name":"Portada","item":"https:\/\/www.lancharesdental.es\/"},{"@type":"ListItem","position":2,"name":"Pol\u00edtica de Privacidad y Protecci\u00f3n de Datos"}]},{"@type":"WebSite","@id":"https:\/\/www.lancharesdental.es\/#website","url":"https:\/\/www.lancharesdental.es\/","name":"Lanchares dental","description":"Cl\u00ednica dental en San Sebasti\u00e1n y Renter\u00eda","publisher":{"@id":"https:\/\/www.lancharesdental.es\/#organization"},"alternateName":"Cl\u00ednica dental en San Sebasti\u00e1n y Renter\u00eda","potentialAction":[{"@type":"SearchAction","target":{"@type":"EntryPoint","urlTemplate":"https:\/\/www.lancharesdental.es\/?s={search_term_string}"},"query-input":{"@type":"PropertyValueSpecification","valueRequired":true,"valueName":"search_term_string"}}],"inLanguage":"en-US"},{"@type":"Organization","@id":"https:\/\/www.lancharesdental.es\/#organization","name":"Lanchares Dental","url":"https:\/\/www.lancharesdental.es\/","logo":{"@type":"ImageObject","inLanguage":"en-US","@id":"https:\/\/www.lancharesdental.es\/#\/schema\/logo\/image\/","url":"https:\/\/www.lancharesdental.es\/wp-content\/uploads\/2024\/09\/logo-clinica-dental-lanchares.png","contentUrl":"https:\/\/www.lancharesdental.es\/wp-content\/uploads\/2024\/09\/logo-clinica-dental-lanchares.png","width":1014,"height":216,"caption":"Lanchares Dental"},"image":{"@id":"https:\/\/www.lancharesdental.es\/#\/schema\/logo\/image\/"},"sameAs":["https:\/\/www.facebook.com\/ClinicaOrtoperio"]}]}},"_links":{"self":[{"href":"https:\/\/www.lancharesdental.es\/en\/wp-json\/wp\/v2\/pages\/36123","targetHints":{"allow":["GET"]}}],"collection":[{"href":"https:\/\/www.lancharesdental.es\/en\/wp-json\/wp\/v2\/pages"}],"about":[{"href":"https:\/\/www.lancharesdental.es\/en\/wp-json\/wp\/v2\/types\/page"}],"author":[{"embeddable":true,"href":"https:\/\/www.lancharesdental.es\/en\/wp-json\/wp\/v2\/users\/2"}],"replies":[{"embeddable":true,"href":"https:\/\/www.lancharesdental.es\/en\/wp-json\/wp\/v2\/comments?post=36123"}],"version-history":[{"count":4,"href":"https:\/\/www.lancharesdental.es\/en\/wp-json\/wp\/v2\/pages\/36123\/revisions"}],"predecessor-version":[{"id":36132,"href":"https:\/\/www.lancharesdental.es\/en\/wp-json\/wp\/v2\/pages\/36123\/revisions\/36132"}],"wp:attachment":[{"href":"https:\/\/www.lancharesdental.es\/en\/wp-json\/wp\/v2\/media?parent=36123"}],"curies":[{"name":"wp","href":"https:\/\/api.w.org\/{rel}","templated":true}]}}